{"id":63,"date":"2026-02-23T10:29:14","date_gmt":"2026-02-23T09:29:14","guid":{"rendered":"https:\/\/fortepressa.net\/crack2026\/?page_id=63"},"modified":"2026-03-04T17:45:57","modified_gmt":"2026-03-04T16:45:57","slug":"open-call-2026","status":"publish","type":"page","link":"https:\/\/fortepressa.net\/crack2026\/open-call-2026\/","title":{"rendered":"OPEN CALL 2026"},"content":{"rendered":"\n<figure class=\"wp-block-image size-full\"><img loading=\"lazy\" decoding=\"async\" width=\"945\" height=\"294\" src=\"https:\/\/fortepressa.net\/crack2026\/wp-content\/uploads\/sites\/19\/2026\/02\/logohappiness-1.png\" alt=\"\" class=\"wp-image-72\" srcset=\"https:\/\/fortepressa.net\/crack2026\/wp-content\/uploads\/sites\/19\/2026\/02\/logohappiness-1.png 945w, https:\/\/fortepressa.net\/crack2026\/wp-content\/uploads\/sites\/19\/2026\/02\/logohappiness-1-300x93.png 300w, https:\/\/fortepressa.net\/crack2026\/wp-content\/uploads\/sites\/19\/2026\/02\/logohappiness-1-768x239.png 768w\" sizes=\"auto, (max-width: 945px) 100vw, 945px\" \/><\/figure>\n\n\n\n<p class=\"wp-block-paragraph\">[ITA] &gt;&gt;&gt; <a href=\"#ENG\" data-type=\"internal\" data-id=\"#ENG\">scroll down for English<\/a><\/p>\n\n\n\n<p class=\"wp-block-paragraph\">HAPPINESS &#8211; CRACK! FESTIVAL 2026<\/p>\n\n\n\n<p class=\"wp-block-paragraph\">Primo emoticon, primo logo a diffusione globale, primo passo verso lo sfruttamento capitalistico di una valenza emotiva collettiva, sporco di sangue in Watchmen, deformato nell\u2019Uomo Che Ride, il proto-Joker espressionista, oppure solo due punti e una parentesi. Se ci fosse una valuta per la felicit\u00e0 porterebbe uno smile stampato di sicuro. Questa diffusione \u00e8 legata al valore che rappresenta la<strong> Happiness<\/strong>, misurabile orizzonte del capitale, registrato ogni anno dal World Happiness Report. Non una classifica di benessere ma un dispositivo di controllo e indirizzo politico.<\/p>\n\n\n\n<p class=\"wp-block-paragraph\">La Felicit\u00e0 \u00e8 un antidepressivo a diffusione globale, un anestetico nelle mani dell\u2019Impero, una trappola che produce schiavit\u00f9 e conforma desideri e speranze. Senza <strong>Happiness<\/strong> l\u2019intero apparato, dove sopportare l&#8217;insopportabile \u00e8 il compito quotidiano di ogni singolo, vacillerebbe. Il capitale premia le menzogne e le diffonde: sono modelli di vita, scatole dell\u2019informazione, forme dello spettacolo. Quando cediamo le nostre emozioni ci rendiamo disponibili a falsificare anche quelle: quando le conformiamo il dispositivo di controllo \u00e8 scattato. Nel dominio del capitalismo delle emozioni la Felicit\u00e0 non \u00e8 un nostro valore e non intendiamo condividere i modelli che ne producono il rating. Non ci appartiene nessuna via di fuga felice.&nbsp;<\/p>\n\n\n\n<p class=\"wp-block-paragraph\">Rivendichiamo un lessico delle emozioni che ne includa la sua ampia gamma. Preferiamo la Gioia, una barricata in fiamme contro l\u2019esercito devastante della Felicit\u00e0. Preferiamo la Malinconia della lotta, che in questo momento vediamo difficile. Preferiamo l\u2019Empatia con gli esseri viventi, con le vite schiacciate e il mondo calpestato. Non chiediamo di misurare la nostra felicit\u00e0, o di accedere allo status che ci darebbe accettarla e rifiutiamo il potere di esercitarla. In questa edizione di Crack! festival progettiamo nel nostro cono d\u2019ombra un\u2019evasione, restiamo lontano dal faro di controllo della <strong>Happiness<\/strong>, e dalle sue forme della rappresentazione. Noi ci teniamo stretti gli spazi che nel tempo abbiamo liberato da questi modelli e che accolgono la nostra differenza, le nostre comunit\u00e0. Rivendichiamo la deviazione dal tracciato della <strong>Happiness<\/strong> anche quando genera infelicit\u00e0 e non cesseremo di reclamare questi luoghi.&nbsp;<\/p>\n\n\n\n<p class=\"wp-block-paragraph\">******************************************<\/p>\n\n\n\n<p class=\"wp-block-paragraph\">PER PARTECIPARE<\/p>\n\n\n\n<p class=\"wp-block-paragraph\">LINK AL MODULO DI ADESIONE: <a href=\"https:\/\/forms.gle\/vtA91YdqKiLmfTp7A\">https:\/\/forms.gle\/vtA91YdqKiLmfTp7A<\/a><\/p>\n\n\n\n<p class=\"wp-block-paragraph\">******************************************<\/p>\n\n\n\n<p class=\"wp-block-paragraph\">CRACK! fumetti dirompenti di Roma \u00e8 un festival autogestito e auto-organizzato in rete dedicato al fumetto e all\u2019arte disegnata e stampata. Siamo un festival per le persone che vogliono condividere il loro lavoro, aperto a tutte le individualit\u00e0 e le molteplicit\u00e0 delle produzioni underground. CRACK!, \u00e8 ospitato e prodotto dal FORTEPRENESTINO C.S.O.A. di Roma: antica fortezza occupata da trentanove anni per restituirla alla citt\u00e0, per un uso sociale, politico e culturale dei beni comuni. \u00c8 uno spazio che pratica Autogestione, Solidariet\u00e0 e Consenso.<\/p>\n\n\n\n<p class=\"wp-block-paragraph\">TI VIENE CHIESTA UNA SOTTOSCRIZIONE LIBERALE DI CROWDFUNDING. NON \u00c8 UNA QUOTA DI ISCRIZIONE E NON GARANTISCE DI ESPORRE, MA PERMETTE DI ENTRARE NEI QUATTRO GIORNI. Non sar\u00e0 possibile effettuare questa donazione preliminare il giorno di accoglienza al festival. La donazione va effettuata alla nostra associazione al momento dell\u2019invio della proposta (suggeriamo una quota individuale di quindici euro, che sar\u00e0 donata a La Bagarre tramite le modalit\u00e0 che trovi qui <a href=\"https:\/\/fortepressa.net\/crack2026\/donate\/\">https:\/\/fortepressa.net\/crack2026\/donate\/<\/a>). Per ogni donazione\/proposta di partecipazione metteremo a disposizione un bracciale di ingresso per il festival: da espositore se avremo accettato la tua partecipazione, o da visitatore se invece l\u2019avremo rifiutata. Grazie a questa donazione potremo destinare un contributo parziale di viaggio per chi viene dall\u2019estero. Se vuoi richiedere un contributo scrivi una mail al contatto indicato in fondo.<\/p>\n\n\n\n<p class=\"wp-block-paragraph\">LE ISCRIZIONI SONO INDIVIDUALI, se sei parte di un collettivo stabile indicalo e raggrupperemo noi le iscrizioni connesse. Altrettanto potrai indicare se vuoi condividere il tuo banco con altr3 artist3. LA CALL CHIUDE IL VENTIQUATTRO MAGGIO 2026 ALLE 23.00 (GMT+1). Controlla di ricevere email di conferma dell&#8217;invio, proveremo a darti una risposta circa ad un mese dall&#8217;iscrizione. Sono preferiti tutti i progetti di fumetto autoprodotto, small press e zine, e stampe (si stickers e patches, e possiamo valutare progetti di dolls figures puppets e games). S\u00ec magliette e serigrafie su tessuto se rispondono ad un progetto artistico ben configurato e caratterizzato nelle logiche dell\u2019autoproduzione. S\u00ec piccoli editori che si riconoscono nel creative commons o nel no copyright. No progetti di vario artigianato o vestiario no fotografia no pittura no fan.art no insta.art\/influencer\/tiktoker\/wannabist e sempre NO COPYRIGHT NO SESSISMO NO FASCISMO NO RAZZISMO. Cerca nella descrizione della proposta di farci capire bene con che spirito vieni, manda foto del tuo banchetto, porta cose nuove dirompenti e che spieghino a che punto \u00e8 il tuo lavoro oggi.&nbsp;Se vuoi proporre un set musicale (live o DJ) scrivici alla mail che trovi in fondo. Se vuoi pensare a una presentazione pubblica di un progetto editoriale proponila: in base alle proposte ricevute creeremo uno spazio dedicato a fare dei brevi incontri tra il venerd\u00ec e la domenica.<\/p>\n\n\n\n<p class=\"wp-block-paragraph\">TAVOLI: ne metteremo a disposizione alcuni per chi espone nei sotterranei ma non possiamo coprire tutte le esigenze, provvedi tu per il tuo banchetto (che occupi mt 1,10 di lunghezza per 0,80 di larghezza circa). Segnala nelle note le tue necessit\u00e0 essenziali. L\u2019AREA SOTTERRANEA delle 50 celle di CRACK! sar\u00e0 assegnata solo sulla base di progetti di allestimento. Se vuoi essere nel sotterraneo proponici qui un\u2019idea (con testi e immagini). Le misure delle celle le trovi qui: <a href=\"https:\/\/fortepressa.net\/crack2026\/2026\/02\/21\/setting-up\/\">https:\/\/fortepressa.net\/crack2026\/2026\/02\/21\/setting-up\/<\/a>.<\/p>\n\n\n\n<p class=\"wp-block-paragraph\">A CRACK! \u00c8 POSSIBILE CAMPEGGIARE, una volta che sarai nella lista delle iscrizioni. Porta con te sacco a pelo, materassino e tenda. In alternativa alla tenda sarai ospitato in stanze comuni (utili i tappi per le orecchie!). Troverai una cucina condivisa e alcune basiche provviste di cibo. Si cucina solo cibo vegetariano. Nei frigo comuni vanno solo gli alimenti messi a disposizione per tutt3, e non saranno ammessi animali morti commestibili di nessun tipo. Si possono parcheggiare dei camper ma lo spazio \u00e8 limitato, e le dimensioni devono essere compatibili e l&#8217;ingresso sar\u00e0 concordato con l\u2019organizzazione.&nbsp;<\/p>\n\n\n\n<p class=\"wp-block-paragraph\">CRACK! non \u00e8 un festival come gli altri, \u00e8 un momento unico di condivisione basato su principi essenziali. Partecipare \u00e8 condividerli, prendendone parte in prima persona. Ci aspettiamo responsabilit\u00e0 e aiuto nella gestione dello spazio che ti viene assegnato, sia per dormire che per mangiare che per esporre. La Fortezza \u00e8 contro lo spaccio e contro ogni tipo di mercificazione, questo \u00e8 uno spazio liberato e non un mercato. Non voltarti dall\u2019altra parte nel caso di comportamenti violenti, sessisti, homo\/lesbo\/trans\/fobici, razzisti, fascisti e\/o non rispettosi del luogo, di chi lo attraversa e delle libert\u00e0 che difende. In questo caso attivati! Parla con le tue amicizie e con chi hai intorno, cerca aiuto tra le persone del Forte. S\u00ec significa S\u00ec e tutto il resto \u00e8 No. La festa e lo spazio sono per tutt3. Rispettiamo i pronomi con i quali le persone si identificano. Tutti i corpi sono validi. Curiamo tutt3 l3 artist3. Se esistiamo esistiamo insieme.<\/p>\n\n\n\n<p class=\"wp-block-paragraph\"><br>HAPPINESS &#8211; CRACK! FESTIVAL &#8211; Giugno 25-26-27-28 \/ 2026<\/p>\n\n\n\n<p class=\"wp-block-paragraph\">INFO<\/p>\n\n\n\n<p class=\"wp-block-paragraph\">per partecipanti lingua italiana mail: <a href=\"mailto:crack.forteprenestino@gmail.com\">crack.forteprenestino@gmail.com<\/a><\/p>\n\n\n\n<p class=\"wp-block-paragraph\">______________________________________________________________<\/p>\n\n\n\n<p class=\"wp-block-paragraph\"><strong>Crowdfunding:<\/strong><\/p>\n\n\n\n<figure class=\"wp-block-embed is-type-wp-embed is-provider-crack-fumetti-dirompenti-2026 wp-block-embed-crack-fumetti-dirompenti-2026\"><div class=\"wp-block-embed__wrapper\">\n<blockquote class=\"wp-embedded-content\" data-secret=\"XUi4x5DUY4\"><a href=\"https:\/\/fortepressa.net\/crack2026\/donate\/\">Donate<\/a><\/blockquote><iframe loading=\"lazy\" class=\"wp-embedded-content\" sandbox=\"allow-scripts\" security=\"restricted\" style=\"position: absolute; visibility: hidden;\" title=\"&#8220;Donate&#8221; &#8212; CRACK! fumetti dirompenti 2026\" src=\"https:\/\/fortepressa.net\/crack2026\/donate\/embed\/#?secret=H5eMRAKBMw#?secret=XUi4x5DUY4\" data-secret=\"XUi4x5DUY4\" width=\"600\" height=\"338\" frameborder=\"0\" marginwidth=\"0\" marginheight=\"0\" scrolling=\"no\"><\/iframe>\n<\/div><\/figure>\n\n\n\n<p class=\"wp-block-paragraph\">oppure donazione tramite Paypal al link qui sotto<\/p>\n\n\n\n<p class=\"wp-block-paragraph\"><a href=\"https:\/\/www.paypal.com\/donate\/?hosted_button_id=T2Y3UKWDG46KJ\">DONATE<\/a><\/p>\n\n\n\n<p class=\"wp-block-paragraph\">LINK AL MODULO DI ADESIONE: <a href=\"https:\/\/forms.gle\/vtA91YdqKiLmfTp7A\">https:\/\/forms.gle\/vtA91YdqKiLmfTp7A<\/a><\/p>\n\n\n\n<p class=\"wp-block-paragraph\">___________________________________________________________________<\/p>\n\n\n\n<div id=\"ENG\" class=\"wp-block-responsive-block-editor-addons-anchor responsive-block-editor-addons-block-anchor block-f4487016-00d4-430f-ab03-22984f488caa\"><\/div>\n\n\n\n<p class=\"wp-block-paragraph\">[ENG]<\/p>\n\n\n\n<p class=\"wp-block-paragraph\">HAPPINESS &#8211; CRACK! FESTIVAL 2026<\/p>\n\n\n\n<p class=\"wp-block-paragraph\">The first emoticon, the first globally recognised logo, the first step towards the capitalist exploitation of a collective emotional value, stained with blood in Watchmen, distorted in the image of The Man Who Laughs, the expressionist proto-Joker, or just two dots and a bracket. If there were a currency for happiness, it would surely bear a smiley face. This spread is linked to the value represented by <strong>Happiness<\/strong>, a measurable horizon of capital, recorded annually by the World Happiness Report. Not a wellness ranking but a control apparatus and a political guidance.<\/p>\n\n\n\n<p class=\"wp-block-paragraph\"><strong>Happiness<\/strong> is a globally widespread antidepressant, an anaesthetic in the hands of the Empire, a trap that produces slavery and conforms desires and hopes. Without happiness, the entire system, where enduring the unbearable is the daily task of every individual, would falter. Capital rewards lies and spreads them: they become models of life, boxes of information, and forms of spectacle. When we give up our emotions, we make ourselves available to falsify them too; when we conform them, the control machinery gets triggered. In the realm of emotional capitalism, <strong>Happiness<\/strong> is not one of our values and we do not intend to share the models that produce its rating. No happy escape route belongs to us.&nbsp;We demand a vocabulary of emotions that encompasses their full range. We prefer Joy, a burning barricade against the devastating army of <strong>Happiness<\/strong>. We prefer the Melancholy of struggle, which we see particularly difficult at this moment. We prefer Empathy with living beings, with crushed lives and a crushed world. We do not ask to measure our happiness, or to access the status that would give us the power to exercise it \u2013 we reject that power. In this edition of Crack! festival, we plan an escape from our shadow cone, staying away from the <strong>Happiness<\/strong> control beam and its forms of representation. We hold on tight to the spaces that we have freed from these models over time, which welcome our differences, our communities. We lay claim to this deviation from the <strong>Happiness<\/strong> track even when it generates unhappiness, and we will not cease to reclaim these spaces.<\/p>\n\n\n\n<p class=\"wp-block-paragraph\">*********************************************<\/p>\n\n\n\n<p class=\"wp-block-paragraph\">TO PARTICIPATE<\/p>\n\n\n\n<p class=\"wp-block-paragraph\">LINK TO THE FORM: <a href=\"https:\/\/forms.gle\/vtA91YdqKiLmfTp7A\">https:\/\/forms.gle\/vtA91YdqKiLmfTp7A<\/a><\/p>\n\n\n\n<p class=\"wp-block-paragraph\">*********************************************<\/p>\n\n\n\n<p class=\"wp-block-paragraph\">CRACK! fumetti dirompenti in Rome, as you know, is a self-managed and self-organized networked festival dedicated to comics and drawn and printed art. We are a festival for people that want to share their work, open to all individualities and multiplicities of underground productions. CRACK! is hosted and produced by Rome\u2019s&nbsp; C.S.O.A. FORTEPRENESTINO: a squatted ancient fortress that in the last thirty-nine years has been returned to the city for a social, political and cultural use of the commons. It is a space that practices Autonomous Management, Solidarity and Consensus.<\/p>\n\n\n\n<p class=\"wp-block-paragraph\">YOU ARE ASKED FOR A LIBERAL CROWDFUNDING SUBSCRIPTION.&nbsp; PLEASE NOTE: THIS IS NOT A REGISTRATION FEE AND DOES NOT GUARANTEE EXHIBITING YOUR WORK, BUT ALLOWS YOU TO ENTER CRACK! FOR ALL FOUR DAYS. It will not be possible to make this preliminary donation once at the festival. The donation should be made to our association at the time of sending the proposal (we suggest an individual fee of fifteen euros, which will be donated to \u2018La Bagarre\u2019 through the modalities found HERE <a href=\"https:\/\/fortepressa.net\/crack2026\/donate\/\">https:\/\/fortepressa.net\/crack2026\/donate\/<\/a>). For each donation\/proposal we will provide an entry wristband for the festival: as an exhibitor, if we have accepted your participation, or as a visitor, if we have declined it. With this donation we will be able to allocate a partial travel contribution for those from abroad. If you would like to apply for a contribution, please email the contact listed at the end of this communication.<\/p>\n\n\n\n<p class=\"wp-block-paragraph\">ENROLLMENTS ARE INDIVIDUAL. If you are part of a stable collective please indicate that and we will group the related entries together. You will likewise be able to indicate if you would like to share your bench with other artists. THE CALL CLOSES ON THE TWENTIFOURTH OF MAY 2026 AT 11 P.M. (GMT+1). Check your email for confirmation of your submission. We will try to respond within approximately one month since your registration. All autonomous published comics, small press and zine projects are preferred, (yes to stickers and patches, and we can evaluate projects of dolls\/figures\/puppets, as well as games). Yes to T-shirts and screen prints on fabric if they respond to a well-configured art project characterized in the logic of autonomous publishing. We welcome&nbsp; small publishers who recognize themselves in creative commons or no copyright. As always NO COPYRIGHT, NO SEXISM, NO FASCISM, NO RACISM. No craft or clothing projects, photography,&nbsp; painting, fan.art, insta.art\/influencer\/tiktoker\/wannabist. In your proposal description try to give us a clear understanding of the spirit in which you are coming, SEND A PICTURE OF YOUR STAND, bring the state of the art of your work.&nbsp;<\/p>\n\n\n\n<p class=\"wp-block-paragraph\">If you want to propose a music set (live or DJ) please drop an email to the address at the end of the page. If you want to think about a public presentation of a publishing project propose it: based on the proposals received we will create a dedicated space to make short meetings between friday and sunday.<\/p>\n\n\n\n<p class=\"wp-block-paragraph\">TABLES: we will provide some tables in the basement but there are never enough for all artists, so please get organized and bring your table with you when possible (dimensions should be approximately 1.10m long by 0.80m wide). Point out essential needs in the notes of your application. The underground area of the 50 cells of CRACK! will be allocated only on the basis of exhibit designs. If you want to be in the cells, propose an idea in your application drive and describe it (with text and pictures). The dimensions of the cells can be found here: <a href=\"https:\/\/fortepressa.net\/crack2026\/2026\/02\/21\/setting-up\/\">https:\/\/fortepressa.net\/crack2026\/2026\/02\/21\/setting-up\/<\/a>.<\/p>\n\n\n\n<p class=\"wp-block-paragraph\">AT CRACK! THERE IS A CAMPGROUND ONCE YOU ARE ON THE REGISTRATION LIST. Bring your sleeping bag and sleeping pad, and your own tent. As an alternative to the tent you will be housed in communal rooms (earplugs are useful!). You will find a shared kitchen and some basic food supplies. In the communal kitchen you are required to&nbsp;cook vegetarian. If you put things in the shared coolers these become common property and no edible dead animals of any kind will be allowed. Campers can be parked inside, but space is limited, the dimensions must be compatible and the entry will be agreed upon with the organization.&nbsp;<\/p>\n\n\n\n<p class=\"wp-block-paragraph\">CRACK! is not a festival like any other, it is a unique moment of sharing based on essential principles. To participate means to share these principles, and to actively take part in them. We expect from you responsibility and help in managing the space you are assigned, both to sleep and to eat. And to exhibit. The Fortress is firmly against drug dealing and against any kind of commodification, this is a liberated space and not a market. Do not look the other way if you witness violent, sexist, homo\/lesbo\/trans\/phobic, racist, fascist, and\/or disrespectful behaviors towards the place, those who live it, and the freedom it defends. In this case, be proactive! Talk to your friends and those around you, seek help among the people of the Fortress. Yes means Yes and everything else is No. The party and the space are for all. We respect the pronouns with which people identify. All bodies are valid. We care for all the artists. If we exist, we exist together.<\/p>\n\n\n\n<p class=\"wp-block-paragraph\">______________________________________________________________<a href=\"http:\/\/www.crack.forteprenestino.net\/\">http:\/\/www.crack.forteprenestino.net\/<\/a><br>HAPPINESS &#8211; CRACK! FESTIVAL &#8211; June 25-26-27-28 \/ 2026<\/p>\n\n\n\n<p class=\"wp-block-paragraph\">INFO\/QUESTIONS<\/p>\n\n\n\n<p class=\"wp-block-paragraph\">international participants mail to: <a href=\"mailto:fortepressa@gmail.com\">fortepressa@gmail.com<\/a><\/p>\n\n\n\n<p class=\"wp-block-paragraph\">social &gt;&gt;&gt; fb: @crackfestival<\/p>\n\n\n\n<p class=\"wp-block-paragraph\">&nbsp;&nbsp;&nbsp;&nbsp;&nbsp;&nbsp;&nbsp;&nbsp;&nbsp;&nbsp;&nbsp;&nbsp;&nbsp;&nbsp;&nbsp;&nbsp;&nbsp;&nbsp; ig: @crack_festival<\/p>\n\n\n\n<p class=\"wp-block-paragraph\">______________________________________________________________<\/p>\n\n\n\n<p class=\"wp-block-paragraph\"><strong>Crowdfunding:<\/strong><\/p>\n\n\n\n<figure class=\"wp-block-embed is-type-wp-embed is-provider-crack-fumetti-dirompenti-2026 wp-block-embed-crack-fumetti-dirompenti-2026\"><div class=\"wp-block-embed__wrapper\">\n<blockquote class=\"wp-embedded-content\" data-secret=\"XUi4x5DUY4\"><a href=\"https:\/\/fortepressa.net\/crack2026\/donate\/\">Donate<\/a><\/blockquote><iframe loading=\"lazy\" class=\"wp-embedded-content\" sandbox=\"allow-scripts\" security=\"restricted\" style=\"position: absolute; visibility: hidden;\" title=\"&#8220;Donate&#8221; &#8212; CRACK! fumetti dirompenti 2026\" src=\"https:\/\/fortepressa.net\/crack2026\/donate\/embed\/#?secret=H5eMRAKBMw#?secret=XUi4x5DUY4\" data-secret=\"XUi4x5DUY4\" width=\"600\" height=\"338\" frameborder=\"0\" marginwidth=\"0\" marginheight=\"0\" scrolling=\"no\"><\/iframe>\n<\/div><\/figure>\n\n\n\n<p class=\"wp-block-paragraph\"><a href=\"https:\/\/www.paypal.com\/donate\/?hosted_button_id=T2Y3UKWDG46KJ\">DONATE<\/a><\/p>\n\n\n\n<p class=\"wp-block-paragraph\">___________________________________________________________________<\/p>\n\n\n\n<p class=\"wp-block-paragraph\">LINK TO THE FORM: <a href=\"https:\/\/forms.gle\/vtA91YdqKiLmfTp7A\">https:\/\/forms.gle\/vtA91YdqKiLmfTp7A<\/a><\/p>\n\n\n\n<p class=\"wp-block-paragraph\"><\/p>\n","protected":false},"excerpt":{"rendered":"<div class=\"entry-summary\">\n<div class=\"entry-summary\">\n &gt;&gt;&gt; scroll down for English HAPPINESS &#8211; CRACK! FESTIVAL 2026 Primo emoticon, primo logo a diffusione globale, primo passo&hellip;\n<\/div>\n<div class=\"link-more\"><a href=\"https:\/\/fortepressa.net\/crack2026\/open-call-2026\/\" class=\"more-link\">Continue reading<span class=\"screen-reader-text\"> &ldquo;OPEN CALL 2026&rdquo;<\/span>&hellip;<\/a><\/div>\n<\/div>\n<div class=\"link-more\"><a href=\"https:\/\/fortepressa.net\/crack2026\/open-call-2026\/\" class=\"more-link\">Continue reading<span class=\"screen-reader-text\"> &ldquo;OPEN CALL 2026&rdquo;<\/span>&hellip;<\/a><\/div>\n","protected":false},"author":4,"featured_media":0,"parent":0,"menu_order":0,"comment_status":"closed","ping_status":"closed","template":"","meta":{"_acf_changed":false,"_crdt_document":"","footnotes":""},"class_list":["post-63","page","type-page","status-publish","hentry","entry"],"acf":[],"featured_image_src":"","featured_image_src_square":false,"rbea_author_info":{"display_name":"sciatto","author_link":"https:\/\/fortepressa.net\/crack2026\/author\/sciatto\/"},"rbea_excerpt_info":"<div class=\"entry-summary\">\n[ITA] &gt;&gt;&gt; scroll down for English HAPPINESS &#8211; CRACK! FESTIVAL 2026 Primo emoticon, primo logo a diffusione globale, primo passo&hellip;\n<\/div><div class=\"link-more\"><a href=\"https:\/\/fortepressa.net\/crack2026\/open-call-2026\/\" class=\"more-link\">Continue reading<span class=\"screen-reader-text\"> &ldquo;OPEN CALL 2026&rdquo;<\/span>&hellip;<\/a><\/div>","_links":{"self":[{"href":"https:\/\/fortepressa.net\/crack2026\/wp-json\/wp\/v2\/pages\/63","targetHints":{"allow":["GET"]}}],"collection":[{"href":"https:\/\/fortepressa.net\/crack2026\/wp-json\/wp\/v2\/pages"}],"about":[{"href":"https:\/\/fortepressa.net\/crack2026\/wp-json\/wp\/v2\/types\/page"}],"author":[{"embeddable":true,"href":"https:\/\/fortepressa.net\/crack2026\/wp-json\/wp\/v2\/users\/4"}],"replies":[{"embeddable":true,"href":"https:\/\/fortepressa.net\/crack2026\/wp-json\/wp\/v2\/comments?post=63"}],"version-history":[{"count":8,"href":"https:\/\/fortepressa.net\/crack2026\/wp-json\/wp\/v2\/pages\/63\/revisions"}],"predecessor-version":[{"id":91,"href":"https:\/\/fortepressa.net\/crack2026\/wp-json\/wp\/v2\/pages\/63\/revisions\/91"}],"wp:attachment":[{"href":"https:\/\/fortepressa.net\/crack2026\/wp-json\/wp\/v2\/media?parent=63"}],"curies":[{"name":"wp","href":"https:\/\/api.w.org\/{rel}","templated":true}]}}