{"id":10,"date":"2011-09-23T11:23:20","date_gmt":"2011-09-23T11:23:20","guid":{"rendered":"http:\/\/www.fortepressa.net\/?page_id=10"},"modified":"2011-09-23T11:23:20","modified_gmt":"2011-09-23T11:23:20","slug":"legals","status":"publish","type":"page","link":"https:\/\/fortepressa.net\/grow\/legals\/","title":{"rendered":"legals"},"content":{"rendered":"<p><!--:it--><strong>SOME RIGHTS RESERVED<\/strong><br \/>\nIn relazione alle Opere presenti sul sito e nelle pubblicazioni di fortepressa dichiariamo che tali opere, a meno di quanto diversamente indicato nel colophon di ciascuna opera, sono rilasciate sotto la disciplina della licenza Creative Commons [BY-NC-SA], il cui testo valido ai fini legali \u00e8 disponibile alla pagina web\u00a0<a href=\"https:\/\/creativecommons.org\/licenses\/by-nc-sa\/3.0\/\" target=\"_blank\" rel=\"noopener\">https:\/\/creativecommons.org\/licenses\/by-nc-sa\/3.0\/legalcode<\/a>\u00a0e di cui sono note le implicazioni pratiche e giuridiche). Ne consegue che diritti correlati sono concessi gratuitamente e alla condizione che appaia sempre in grafica l\u2019indicazione del nome degli autori nelle forme ritenute pi\u00f9 adeguate (BY), che tali opere non siano oggetto di cessione commerciale (NC) e che tali opere siano pubblicate mantenendo la medesima forma di licenza (SA). Le copie dell\u2019opera, in qualsiasi forma con cui essa verr\u00e0 distribuita, dovranno contenere un chiaro riferimento alla volont\u00e0 espressa con il presente documento, pena la revoca e l\u2019inefficacia di quanto qui dichiarato. Dichiariamo di essere al corrente e non avere alcuna obiezione riguardo le pubblicazioni a stampa o i siti nei quali potrebbe essere inserite tutte le opere o parte delle stesse.<br \/>\n<!--:--><!--:fr--><strong>SOME RIGHTS RESERVED<\/strong><br \/>\nSauf mention contraire, le contenu de cette site est sous contrat Creative Commons [BY-NC-SA] <a href=\"https:\/\/creativecommons.org\/licenses\/by-nc-sa\/3.0\/legalcode\" target=\"_blank\" rel=\"noopener\">https:\/\/creativecommons.org\/licenses\/by-nc-sa\/3.0\/legalcode<\/a>.<br \/>\nVous \u00eates libres de reproduire, distribuer et communiquer cette cr\u00e9ation au public, de modifier cette cr\u00e9ation selon les conditions suivantes :<br \/>\nPaternit\u00e9 \u2014 Vous devez citer le nom de l\u2019auteur original de la mani\u00e8re indiqu\u00e9e par l\u2019auteur de l\u2019oeuvre ou le titulaire des droits qui vous conf\u00e8re cette autorisation (mais pas d\u2019une mani\u00e8re qui sugg\u00e9rerait qu\u2019ils vous soutiennent ou approuvent votre utilisation de l\u2019oeuvre).<br \/>\nPartage des Conditions Initiales \u00e0 l\u2019Identique \u2014Si vous modifiez, transformez ou adaptez cette cr\u00e9ation, vous n\u2019avez le droit de distribuer la cr\u00e9ation qui en r\u00e9sulte que sous un contrat identique \u00e0 celui-ci.<br \/>\n<!--:--><br \/>\n<!--:en--><strong>SOME RIGHTS RESERVED<\/strong><br \/>\nThis work is licensed under Creative Commons [BY-NC-SA] <a href=\"https:\/\/creativecommons.org\/licenses\/by-nc-sa\/3.0\/\" target=\"_blank\" rel=\"noopener\">https:\/\/creativecommons.org\/licenses\/by-nc-sa\/3.0\/legalcode<\/a> unless otherwise indicated.<br \/>\nYou are free:<br \/>\n\u2013 to Share: to copy, distribute and transmit the work<br \/>\n\u2013 to Remix: to adapt the work<br \/>\nUnder the following conditions:<br \/>\n\u2013 Attribution. You must attribute the work in the manner specified by the author or licensor (but not in any way that suggests that they endorse you or your use of the work).<br \/>\n\u2013 Noncommercial. You may not use this work for commercial purposes.<br \/>\n\u2013 Share Alike. If you alter, transform, or build upon this work, you may distribute the resulting work only under the same or similar license to this one. <\/p>\n<p>Any of the above conditions can be waived if you get permission from the copyright holder. Nothing in this license impairs or restricts the author\u2019s moral rights.<br \/>\n<!--:--><\/p>\n","protected":false},"excerpt":{"rendered":"<p>SOME RIGHTS RESERVED In relazione alle Opere presenti sul sito e nelle pubblicazioni di fortepressa dichiariamo che tali opere, a meno di quanto diversamente indicato nel colophon di ciascuna opera, sono rilasciate sotto la disciplina della licenza Creative Commons [BY-NC-SA], il cui testo valido ai fini legali \u00e8 disponibile alla pagina web\u00a0https:\/\/creativecommons.org\/licenses\/by-nc-sa\/3.0\/legalcode\u00a0e di cui sono&hellip; <a class=\"more-link\" href=\"https:\/\/fortepressa.net\/grow\/legals\/\">Continue reading <span class=\"screen-reader-text\">legals<\/span><\/a><\/p>\n","protected":false},"author":30,"featured_media":0,"parent":0,"menu_order":0,"comment_status":"closed","ping_status":"closed","template":"","meta":{"_acf_changed":false,"_crdt_document":"","footnotes":""},"class_list":["post-10","page","type-page","status-publish","hentry","entry"],"acf":[],"featured_image_src":"","featured_image_src_square":false,"rbea_author_info":{"display_name":"bambikramer","author_link":"https:\/\/fortepressa.net\/grow\/author\/bambikramer\/"},"rbea_excerpt_info":"SOME RIGHTS RESERVED In relazione alle Opere presenti sul sito e nelle pubblicazioni di fortepressa dichiariamo che tali opere, a meno di quanto diversamente indicato nel colophon di ciascuna opera, sono rilasciate sotto la disciplina della licenza Creative Commons [BY-NC-SA], il cui testo valido ai fini legali \u00e8 disponibile alla pagina web\u00a0https:\/\/creativecommons.org\/licenses\/by-nc-sa\/3.0\/legalcode\u00a0e di cui sono&hellip; <a class=\"more-link\" href=\"https:\/\/fortepressa.net\/grow\/legals\/\">Continue reading <span class=\"screen-reader-text\">legals<\/span><\/a>","_links":{"self":[{"href":"https:\/\/fortepressa.net\/grow\/wp-json\/wp\/v2\/pages\/10","targetHints":{"allow":["GET"]}}],"collection":[{"href":"https:\/\/fortepressa.net\/grow\/wp-json\/wp\/v2\/pages"}],"about":[{"href":"https:\/\/fortepressa.net\/grow\/wp-json\/wp\/v2\/types\/page"}],"author":[{"embeddable":true,"href":"https:\/\/fortepressa.net\/grow\/wp-json\/wp\/v2\/users\/30"}],"replies":[{"embeddable":true,"href":"https:\/\/fortepressa.net\/grow\/wp-json\/wp\/v2\/comments?post=10"}],"version-history":[{"count":0,"href":"https:\/\/fortepressa.net\/grow\/wp-json\/wp\/v2\/pages\/10\/revisions"}],"wp:attachment":[{"href":"https:\/\/fortepressa.net\/grow\/wp-json\/wp\/v2\/media?parent=10"}],"curies":[{"name":"wp","href":"https:\/\/api.w.org\/{rel}","templated":true}]}}