{"id":14,"date":"2021-04-23T19:08:38","date_gmt":"2021-04-23T17:08:38","guid":{"rendered":"https:\/\/fortepressa.net\/retefika\/?page_id=14"},"modified":"2021-06-07T18:04:54","modified_gmt":"2021-06-07T16:04:54","slug":"la-rete-quella-f-i-k-a","status":"publish","type":"page","link":"https:\/\/fortepressa.net\/retefika\/","title":{"rendered":"La Rete, quella F.I.K.A."},"content":{"rendered":"\n<p class=\"has-drop-cap wp-block-paragraph\">Siamo una grande pancia, una societ\u00e0 di molecole costruttrici di immaginari, generatrici di opere d\u2019arte fragili, micro mondi di zine, a volte fotocopiate o dalle tecniche di stampa pi\u00f9 raffinate. Ma non creiamo solo con le immagini, abbiamo suonato le arpe eoliche e acceso fuochi nei territori al margine delle citt\u00e0. Abbiamo raccolto storie canzoni e visioni. Abbiamo visto deserti e montagne e citt\u00e0 multilivello. Entit\u00e0 ribelli in biciclette riciclate e astronavi scassate ai margini della galassia.&nbsp;<br>Abbiamo visto e conosciuto con chiarezza che la distruzione prende il via dalla terra e dalle foreste. Uno sterminio contro gli inermi che il capitale determina con freddezza, calcolo e brutalit\u00e0. Il virus \u00e8 un effetto collaterale, non il primo non l\u2019ultimo, di uno stato di cose che continua a produrre altre forme di annientamento di ogni biomassa.\nQuando abbiamo sentito scricchiolare la nave sui lastroni di ghiaccio era molto prima che fossero in vista gli iceberg su cui ha impattato. Ora sappiamo che sono montagne ghiacciate di polimeri, niente di organico. Strati di accumulo di materia esausta. Colpito negli occhi e senza fiato tra le sue stesse scorie il capitale \u00e8 cieco e, come non vede noi, non trova altre forme di vita di cui curarsi. Resta in piedi tra le macerie solo il dispositivo di controllo che scruta spazi desertificati.\nAbbiamo un compito in questa segregazione: generare ancora storie canzoni e visioni che fermino questo processo, permettere che si sviluppi tutto il sottobosco, il compost su cui mettere in moto comunit\u00e0 e processi creativi. I festival che realizziamo sono ultraluoghi di contaminazione dove le situazioni e le collettivit\u00e0 ballano fino al mattino seguente. Accumulatori energetici, diffusori di entropia organica.\nSiamo fuori da ogni obbiettivo. Non siamo una categoria, siamo un mondo che non ha assorbito in silenzio i modelli di vita proposti. Ne abbiamo scavati altri, tra mille difficolt\u00e0, fra lavori sommersi e precari. E abbiamo provato a fare rete, per una volta, senza nessuna rete di protezione. Abbiamo formato un network che non \u00e8 virtuale, ma concreto e tangibile, fatto di vite che si incontrano e condividono, di persone che decidono dei propri corpi e dei propri sessi come del proprio modo di creare le cose, di radicali che vengono da molti margini diversi. La rete per l\u2019autoproduzione, una rete intrecciata, orizzontale, autoconvocata, autogestita, autofinanziata, solidale e internazionalista.\nCome diceva <a href=\"https:\/\/www.huffpost.com\/entry\/edwin-chotas-dream_b_5793066\">Edwin Chota<\/a> attivista del popolo Ash\u00e9ninka : &#8220;<em>Mi sento pi\u00f9 forte con un network stretto attorno a me. Non importa di chi sia la faccia di questo network. L\u2019unica cosa importante \u00e8 che continuiamo ad avanzare e camminare insieme.<\/em>\u201d<br>In lingua <em>xhosa<\/em>, quella che si parla nei ghetti in Sudafrica, <em>fika<\/em> vuol dire <em>eccomi, arrivo<\/em> e il verbo <em>fikasi<\/em> \u00e8 <em>andare insieme, accompagnare qualcuno da qualche parte<\/em>. Allora questa rete \u00e8 quella FIKA, bellissima e imprendibile, capace di sorprendersi a volte per le proprie contraddizioni e invece riaprirsi nell\u2019unire cellule di rivolta immaginaria.\nQuesto \u00e8 il momento di una apertura ancora pi\u00f9 ampia, contaminazione, commistione con altre realt\u00e0. Realt\u00e0 singole e collettive, festival, eventi, etichette musicali, schegge vaganti, spazi di creazione e laboratori. Reti di reti di reti.&nbsp;Certo, ora dobbiamo trovare altri modi altre forme per riprenderci quello che abbiamo costruito in autonomia, con pazienza e senza chiedere permesso a nessuno. Perch\u00e9 questa <strong>RETE<\/strong> di <strong>F<\/strong>antastiche<strong> I<\/strong>nespugnabili <strong>K<\/strong>reature <strong>A<\/strong>utonome possa essere un sostegno concreto a tutti questi progetti politici fatti di segni imprendibili.<\/p>\n","protected":false},"excerpt":{"rendered":"<p>Siamo una grande pancia, una societ\u00e0 di molecole costruttrici di immaginari, generatrici di opere d\u2019arte fragili, micro mondi di zine, a volte fotocopiate o dalle tecniche di stampa&hellip;<\/p>\n","protected":false},"author":4,"featured_media":0,"parent":0,"menu_order":0,"comment_status":"closed","ping_status":"closed","template":"","meta":{"_acf_changed":false,"_crdt_document":"","footnotes":""},"class_list":["post-14","page","type-page","status-publish","has-post-thumbnail","hentry"],"acf":[],"featured_image_src":"","featured_image_src_square":false,"rbea_author_info":{"display_name":"sciatto","author_link":"https:\/\/fortepressa.net\/retefika\/author\/sciatto\/"},"rbea_excerpt_info":"Siamo una grande pancia, una societ\u00e0 di molecole costruttrici di immaginari, generatrici di opere d\u2019arte fragili, micro mondi di zine, a volte fotocopiate o dalle tecniche di stampa&hellip;","_links":{"self":[{"href":"https:\/\/fortepressa.net\/retefika\/wp-json\/wp\/v2\/pages\/14","targetHints":{"allow":["GET"]}}],"collection":[{"href":"https:\/\/fortepressa.net\/retefika\/wp-json\/wp\/v2\/pages"}],"about":[{"href":"https:\/\/fortepressa.net\/retefika\/wp-json\/wp\/v2\/types\/page"}],"author":[{"embeddable":true,"href":"https:\/\/fortepressa.net\/retefika\/wp-json\/wp\/v2\/users\/4"}],"replies":[{"embeddable":true,"href":"https:\/\/fortepressa.net\/retefika\/wp-json\/wp\/v2\/comments?post=14"}],"version-history":[{"count":11,"href":"https:\/\/fortepressa.net\/retefika\/wp-json\/wp\/v2\/pages\/14\/revisions"}],"predecessor-version":[{"id":87,"href":"https:\/\/fortepressa.net\/retefika\/wp-json\/wp\/v2\/pages\/14\/revisions\/87"}],"wp:attachment":[{"href":"https:\/\/fortepressa.net\/retefika\/wp-json\/wp\/v2\/media?parent=14"}],"curies":[{"name":"wp","href":"https:\/\/api.w.org\/{rel}","templated":true}]}}