{"id":1105,"date":"2021-10-17T19:43:55","date_gmt":"2021-10-17T17:43:55","guid":{"rendered":"https:\/\/fortepressa.net\/valerio-bindi\/?page_id=1105"},"modified":"2021-10-18T15:53:54","modified_gmt":"2021-10-18T13:53:54","slug":"ma-faim-noire-deja-2021","status":"publish","type":"page","link":"https:\/\/fortepressa.net\/valerio-bindi\/ma-faim-noire-deja-2021\/","title":{"rendered":"Ma faim noire d\u00e9j\u00e0 (2021)"},"content":{"rendered":"\n<h2 class=\"wp-block-heading\">Stampare con lentezza<\/h2>\n\n\n\n<h6 class=\"eplus-hhf4qc wp-block-heading\">di Valerio Bindi<\/h6>\n\n\n\n<p class=\"eplus-A99XZr wp-block-paragraph\">Testo rilasciato in <a href=\"https:\/\/creativecommons.org\/licenses\/by-sa\/4.0\/\">CREATIVE COMMONS [BY SA]<\/a> e liberamente scaricabile. Ogni donazione all\u2019associazione La Bagarre con cui organizzo molteplici attivit\u00e0 \u00e8 benvenuta.<\/p>\n\n\n\n<figure class=\"wp-block-image size-large eplus-mGY9Pc\"><a href=\"https:\/\/www.paypal.com\/cgi-bin\/webscr?cmd=_s-xclick&amp;hosted_button_id=T2Y3UKWDG46KJ\"><img loading=\"lazy\" decoding=\"async\" width=\"173\" height=\"38\" src=\"https:\/\/fortepressa.net\/valerio-bindi\/wp-content\/uploads\/sites\/10\/2017\/11\/donazione.png\" alt=\"donate\" class=\"wp-image-260\"\/><\/a><\/figure>\n\n\n\n<figure class=\"wp-block-image size-large\"><img loading=\"lazy\" decoding=\"async\" width=\"1024\" height=\"458\" src=\"https:\/\/fortepressa.net\/valerio-bindi\/wp-content\/uploads\/sites\/10\/2021\/10\/mafaimnoiredejaweb-1024x458.jpg\" alt=\"estratti da &quot;Ma faim noire d\u00e8j\u00e0&quot;\" class=\"wp-image-1106\" srcset=\"https:\/\/fortepressa.net\/valerio-bindi\/wp-content\/uploads\/sites\/10\/2021\/10\/mafaimnoiredejaweb-1024x458.jpg 1024w, https:\/\/fortepressa.net\/valerio-bindi\/wp-content\/uploads\/sites\/10\/2021\/10\/mafaimnoiredejaweb-300x134.jpg 300w, https:\/\/fortepressa.net\/valerio-bindi\/wp-content\/uploads\/sites\/10\/2021\/10\/mafaimnoiredejaweb-768x344.jpg 768w, https:\/\/fortepressa.net\/valerio-bindi\/wp-content\/uploads\/sites\/10\/2021\/10\/mafaimnoiredejaweb-540x242.jpg 540w, https:\/\/fortepressa.net\/valerio-bindi\/wp-content\/uploads\/sites\/10\/2021\/10\/mafaimnoiredejaweb-1080x483.jpg 1080w, https:\/\/fortepressa.net\/valerio-bindi\/wp-content\/uploads\/sites\/10\/2021\/10\/mafaimnoiredejaweb-600x269.jpg 600w, https:\/\/fortepressa.net\/valerio-bindi\/wp-content\/uploads\/sites\/10\/2021\/10\/mafaimnoiredejaweb.jpg 1200w\" sizes=\"auto, (max-width: 1024px) 100vw, 1024px\" \/><figcaption>Ma faim noire d\u00e8j\u00e0 di Roger Bernard &#8211; Vitagrama<\/figcaption><\/figure>\n\n\n\n<p class=\"wp-block-paragraph\">Nato cento anni fa e ucciso dai nazisti 23 anni dopo mentre portava messaggi in codice ai partigiani, Roger Bernard \u00e8 stato uno scrittore formidabile la cui memoria quel colpo di pistola senza processo alcuno non riesce a cancellare. Ren\u00e9 Char, poeta surrealista, partigiano, testimone della sua morte, ne ha tenuta viva la memoria pubblicando i suoi poemi alla fine della guerra. Esce ora per i tipi di Vitagrama <em>Ma faim noire d\u00e9j\u00e0, <\/em>la raccolta delle sue poesie finora colpevolmente inedita nel nostro paese, ora tradotte da Sara Belotti, Sara la Matti e Paolo Liburdi. La poesia \u00e8 un\u2019arma potentissima per affilare le proprie energie creative e per scagliarle ad operare per le speranze che riponiamo nel mondo. Per avere buone idee servono poesie e di poeti non \u00e8 pieno il mondo: sono una specie molto particolare, rara e rarefatta nello scrivere. \u00c8 estremamente difficile oggi ragionare sulla scrittura di Bernard sulla possibile originalit\u00e0 del suo percorso. \u00c8 una figura che resta consegnata alla storia e la sua poesia uno dei tanti furti di cui chiedere ragione ai nazisti. <\/p>\n\n\n\n<p class=\"wp-block-paragraph\">Ma le sue parole sono operanti ancora oggi, accendono scintille. Forse per questo Vitagrama ha cercato proprio da questo autore la via per intraprendere un progetto editoriale che seguir\u00e0 con la necessaria lentezza e passione. O forse perch\u00e9 Roger Bernard era cresciuto tipografo, tra i caratteri mobili del padre che gli aveva insegnato un mestiere. E cos\u00ec questa raccolta racchiude dentro di s\u00e9 le parole e le cose, il senso da trasmettere che passa anche dagli oggetti per la riproduzione tipografica. Il metodo di stampa utilizzato \u00e8 stato quello dei caratteri mobili di legno e piombo, delle incisioni, dei clich\u00e8, e un vecchio torchio ha impresso su carta le parole. Una scelta simbolica dunque e anche estremamente motivata. Riporto qui quanto si legge nel foglietto che accompagna il libro: le loro produzioni \u201csaranno l\u2019arma nel conflitto\u201d perch\u00e9 \u201dcrediamo che autoprodurre un libro, comporre un testo a mano, stampare con vecchi materiali destinati al macero, procedere lentamente, fare dell\u2019errore una particolarit\u00e0, pubblicare testi e poeti reietti, non possa che essere benzina sul fuoco contro questa continua omologazione che passa anche e soprattutto attraverso un appiattimento del linguaggio\u201d.<\/p>\n\n\n\n<p class=\"wp-block-paragraph\">E quindi quando avrai fra le mani quest\u2019opera sentirai le parole emergere dalla carta, e nelle pause tra una poesia e l\u2019altra, il suono dei caratteri che riecheggiano tattilmente nel bianco. Recupero, rielaborazione, passione: una piattaforma di contenuti che si trasmette su una superficie, un rapporto sensoriale che intercetta il senso dei testi e che li amplifica in una sfera intima. Un colloquio dove la sensazione che ti resta \u00e8 di aver preso parte ad un processo di cui chi prende il libro fra le mani \u00e8 parte integrante non spettatore. \u00c8 la grande imbattibile promessa dell\u2019autoproduzione: riferirsi ad una relazione e ad una realizzazione, evitare i processi industriali nel fare le cose. Trasformare contenuti in cultura materiale, che si esprime nel fare nello stampare e nell\u2019accompagnare quest\u2019oggetto nelle mani di chi legge. In un mondo dove le fanzine sono diventate pudicamente zine, abbandonando quella cura insensata che il far da s\u00e9 comporta, questo libro \u00e8 davvero un arma nel conflitto omologante.<\/p>\n\n\n\n<p class=\"wp-block-paragraph\">\u201cNulla \u00e8 puro come uno spazio affamato\u201d scrive Bernard, e la pagina bianca pronta ad accogliere le parole e i segni \u00e8 lo spazio di una vera fame nera e d\u2019amore.<\/p>\n\n\n\n<p class=\"wp-block-paragraph\">Per trovare il libro vai qui <a href=\"https:\/\/www.vitagrama.it\/negozio\/poster\/ma-faim-noire-deja\/\" target=\"_blank\" rel=\"noreferrer noopener\">https:\/\/www.vitagrama.it\/negozio\/poster\/ma-faim-noire-deja\/<\/a>. Prendilo e non lasciarlo nella busta.<\/p>\n","protected":false},"excerpt":{"rendered":"<p>Stampare con lentezza di Valerio Bindi Testo rilasciato in CREATIVE COMMONS [BY SA] e liberamente scaricabile. Ogni donazione all\u2019associazione La Bagarre con cui organizzo molteplici attivit\u00e0 \u00e8 benvenuta.&hellip;<\/p>\n","protected":false},"author":4,"featured_media":0,"parent":0,"menu_order":0,"comment_status":"closed","ping_status":"closed","template":"","meta":{"_acf_changed":false,"_crdt_document":"","footnotes":""},"class_list":["post-1105","page","type-page","status-publish","has-post-thumbnail","hentry"],"acf":[],"featured_image_src":"","featured_image_src_square":false,"rbea_author_info":{"display_name":"sciatto","author_link":"https:\/\/fortepressa.net\/valerio-bindi\/author\/sciatto\/"},"rbea_excerpt_info":"Stampare con lentezza di Valerio Bindi Testo rilasciato in CREATIVE COMMONS [BY SA] e liberamente scaricabile. Ogni donazione all\u2019associazione La Bagarre con cui organizzo molteplici attivit\u00e0 \u00e8 benvenuta.&hellip;","_links":{"self":[{"href":"https:\/\/fortepressa.net\/valerio-bindi\/wp-json\/wp\/v2\/pages\/1105","targetHints":{"allow":["GET"]}}],"collection":[{"href":"https:\/\/fortepressa.net\/valerio-bindi\/wp-json\/wp\/v2\/pages"}],"about":[{"href":"https:\/\/fortepressa.net\/valerio-bindi\/wp-json\/wp\/v2\/types\/page"}],"author":[{"embeddable":true,"href":"https:\/\/fortepressa.net\/valerio-bindi\/wp-json\/wp\/v2\/users\/4"}],"replies":[{"embeddable":true,"href":"https:\/\/fortepressa.net\/valerio-bindi\/wp-json\/wp\/v2\/comments?post=1105"}],"version-history":[{"count":4,"href":"https:\/\/fortepressa.net\/valerio-bindi\/wp-json\/wp\/v2\/pages\/1105\/revisions"}],"predecessor-version":[{"id":1131,"href":"https:\/\/fortepressa.net\/valerio-bindi\/wp-json\/wp\/v2\/pages\/1105\/revisions\/1131"}],"wp:attachment":[{"href":"https:\/\/fortepressa.net\/valerio-bindi\/wp-json\/wp\/v2\/media?parent=1105"}],"curies":[{"name":"wp","href":"https:\/\/api.w.org\/{rel}","templated":true}]}}