{"id":788,"date":"2021-02-03T02:02:45","date_gmt":"2021-02-03T01:02:45","guid":{"rendered":"https:\/\/fortepressa.net\/?page_id=788"},"modified":"2024-02-08T13:43:17","modified_gmt":"2024-02-08T12:43:17","slug":"3rd-impact-2017-cc-by-sa","status":"publish","type":"page","link":"https:\/\/fortepressa.net\/valerio-bindi\/3rd-impact-2017-cc-by-sa\/","title":{"rendered":"Contributo a 3rD Impact (2017) [CC-BY-SA]"},"content":{"rendered":"\n<h2 class=\"wp-block-heading eplus-EEzwGw\">Il teorema del grattacielo<\/h2>\n\n\n\n<h6 class=\"wp-block-heading eplus-owrqor\">di Valerio Bindi<\/h6>\n\n\n\n<p class=\"eplus-A99XZr wp-block-paragraph\">Testo rilasciato in <a href=\"https:\/\/creativecommons.org\/licenses\/by-sa\/4.0\/\">CREATIVE COMMONS [BY SA]<\/a> e liberamente scaricabile. Ogni donazione all\u2019associazione La Bagarre con cui organizzo molteplici attivit\u00e0 \u00e8 benvenuta.<\/p>\n\n\n\n<figure class=\"wp-block-image size-large eplus-mGY9Pc\"><a href=\"https:\/\/www.paypal.com\/cgi-bin\/webscr?cmd=_s-xclick&amp;hosted_button_id=T2Y3UKWDG46KJ\"><img loading=\"lazy\" decoding=\"async\" width=\"173\" height=\"38\" src=\"https:\/\/fortepressa.net\/valerio-bindi\/wp-content\/uploads\/sites\/10\/2017\/11\/donazione.png\" alt=\"donate\" class=\"wp-image-260\"\/><\/a><\/figure>\n\n\n<div class=\"wp-block-image eplus-pkGCwW\">\n<figure class=\"aligncenter size-large\"><img loading=\"lazy\" decoding=\"async\" width=\"765\" height=\"1024\" src=\"https:\/\/fortepressa.net\/valerio-bindi\/wp-content\/uploads\/sites\/10\/2021\/02\/54_downtown_athletic_club-72-1-765x1024.jpg\" alt=\"Downtown Athletic Club building section\" class=\"wp-image-790\" srcset=\"https:\/\/fortepressa.net\/valerio-bindi\/wp-content\/uploads\/sites\/10\/2021\/02\/54_downtown_athletic_club-72-1-765x1024.jpg 765w, https:\/\/fortepressa.net\/valerio-bindi\/wp-content\/uploads\/sites\/10\/2021\/02\/54_downtown_athletic_club-72-1-224x300.jpg 224w, https:\/\/fortepressa.net\/valerio-bindi\/wp-content\/uploads\/sites\/10\/2021\/02\/54_downtown_athletic_club-72-1-768x1027.jpg 768w, https:\/\/fortepressa.net\/valerio-bindi\/wp-content\/uploads\/sites\/10\/2021\/02\/54_downtown_athletic_club-72-1.jpg 1140w\" sizes=\"auto, (max-width: 765px) 100vw, 765px\" \/><figcaption class=\"wp-element-caption\">Downtown Athletic Club building by Starrett &amp; van Vleck (1930)<\/figcaption><\/figure>\n<\/div>\n\n\n<blockquote class=\"wp-block-quote has-text-align-right eplus-dwuiy0 is-layout-flow wp-block-quote-is-layout-flow\">\n<p class=\"wp-block-paragraph\">L\u2019amore fugge come un\u2019ombra l\u2019amore reale che l\u2019insegue,<br>inseguendo chi lo fugge, fuggendo chi l\u2019insegue<br>Shakespeare<\/p>\n<\/blockquote>\n\n\n\n<p class=\"eplus-0uERPe wp-block-paragraph\">La storia \u00e8 luogo, un edificio da abitare vignetta dopo vignetta. Quando disegno un&#8217;architettura lo spazio \u00e8 inabitato, l&#8217;uomo \u00e8 assente nel suo divenire e presente nel suo mondo di misure che mette in gioco gli spazi le luci le ombre e gli usi sociali. Il tempo \u00e8 una piastra immobile, disattivato. Le stanze separate da muri neri tagliati sono in attesa della vita cui sono destinate. Fermo immagine. Quando disegno un fumetto le stanze sono piene, ingombre di oggetti, di personaggi, icone che si fanno storia. Le stanze sono vignette, i muri bianchi sono tempo che scorre. La disposizione delle immagini-tempo del fumetto costituisce immagini-spazio e immagini-parola. Il sistema fumetto \u00e8 una struttura spaziale prima ancora che narrativa, un sistema spazio- topico (Thierry Groensteen, <em>Syst\u00e8me de la bande dessin\u00e9e, <\/em>Paris, 1999). La citt\u00e0 \u00e8 lo spazio di produzione della narrazione del fumetto.<\/p>\n\n\n\n<p class=\"eplus-lgwrhk wp-block-paragraph\">In un fumetto del 1977, che introduce la ripubblicazione della prima versione di <em>Maus <\/em>(Art Spiegelman <em>Breakdowns, Portrait of the artist as a young %@\u00a7*<\/em>!, London, 2008), l&#8217;autore scrive: <em>\u201c il mio dizionario definisce COMIC STRIP come &#8216;una serie narrativa di cartoons&#8217;, una NARRATIVA \u00e8 definita come &#8216;una storia&#8217;. La maggior parte delle definizioni di STORIA mi lasciano freddo. Eccetto una che dice: &#8216;una totale divisione orizzontale di un edificio&#8217;&#8230; (dal latino medievale HISTORIA&#8230; una fila di finestre contenenti immagini.)\u201d<\/em>, una dichiarazione in seguito pi\u00f9 volte integrata <em>\u201ccosi che in inglese la parola \u201cstoria\u201d intende sia le storie di un edificio <\/em>c<em>he storie come forma narrativa [\u2026] Le pagine di un fumetto sono strutture fatte di vignette nello stesso modo in cui le finestre di una chiesa articolano una storia\u201d <\/em>(Art Spiegelman, <em>Metamaus<\/em>, New York, 2011). La tavola, la pagina, come il prospetto, la facciata. In effetti il fumetto occidentale muove molto nella connessione strutturale con questa definizione\/programma. La tavola \u00e8 il prospetto che apre alla narrazione e unit\u00e0 base sono le vignette legate dalla solidariet\u00e0 iconica (Groensteen,1999), le finestre da aprire piano piano, una per una, per portare luce al procedere della storia.<\/p>\n\n\n\n<p class=\"eplus-zymTNX wp-block-paragraph\">Richard Mc Guire esplode in <em>Here<\/em><em> <\/em>(New York 2014) la sua riflessione sui <em>\u201c<\/em><em> <\/em><em>fumetti<\/em><em> <\/em><em>essenzialmente<\/em><em> <\/em><em>come<\/em><em> <\/em><em>diagrammi<\/em><em> <\/em><em>e<\/em><em> <\/em><em>mappe<\/em><em> <\/em><em>di<\/em><em> <\/em><em>storytelling\u201d<\/em><em> <\/em>, proprio influenzato da una lecture di Art Spiegelman, decidendo di strutturare con un sistema <em>\u201cd<\/em><em>i<\/em><em> <\/em><em>f<\/em><em>i<\/em><em>nestre<\/em><em> <\/em><em>temporali<\/em><em> <\/em><em>mu<\/em><em>l<\/em><em>tiple\u201d<\/em><em> <\/em>la sua storia sullo spazio di un appartamento che attraversa il tempo in pi\u00f9 direzioni<em>.<\/em><em> <\/em>(Leanne Shapton, <em>Split<\/em><em> <\/em><em><\/em><em>Screens:<\/em><em> <\/em><em>An<\/em><em> <\/em><em>Interview<\/em><em> <\/em><em>with<\/em><em> <\/em><em>Richard<\/em><em> <\/em><em>McGuire,<\/em><em> <\/em><em>The<\/em><em> <\/em><em>Paris<\/em><em> <\/em><em>Review<\/em>, giugno 2015).<\/p>\n\n\n\n<p class=\"eplus-UTs47f wp-block-paragraph\">La facciata \u00e8 la dichiarazione urbana di intenti di un edificio pensato in pianta e sezione, il <em>testo <\/em>che lo organizza, e raccontato come un procedere di prospetti nel continuum metropolitano. \u00c8 proprio in sezione che il fumetto e l&#8217;architettura si sovrappongono. Il \u201cteorema del grattacielo\u201d, disegno del 1909 (Rem Koolhaas, <em>Delirious<\/em><em> <\/em><em>New<\/em><em> <\/em><em>York<\/em>, Oxford, 1978), \u00e8 una ipotetica sezione che ironicamente dispone una citt\u00e0 giardino nelle strip di un grattacielo, esattamente come le strisce di comics in una pagina di giornale dei primi del novecento. \u00c8 ancora Groensteen che parla di architettura nella messa in pagina delle strip: con i valori degli intervalli bianchi che esprimono una linearit\u00e0 orizzontale che favorisce il susseguirsi delle vignette, dove il bianco \u00e8 un intervallo di tempo e un silenzio di narrazione che accosta le vignette come stanze. Mentre maggiore, come lo spazio di un solaio, \u00e8 lo stacco in orizzontale, il bianco tra la una striscia e l&#8217;altra, che costruisce la tavola come una serie di piani orizzontali che si succedono con continuit\u00e0.<\/p>\n\n\n\n<p class=\"eplus-SVjOsC wp-block-paragraph\">Al di l\u00e0 dello specchio di questa struttura narrativa c&#8217;\u00e8 dunque la metropoli vera totale: la connessione tra fumetto e architettura sta in un livello profondo del sistema, nel codice di uso sociale e di progettazione spazio-tempo. Le grandi <em>strip<\/em><em> <\/em>urbane della citt\u00e0 americana dispongono vagoni di strutture come vignette giustapposte, si organizzano della medesima articolazione topologica. E gli spazi bianchi delle metropoli, che alternano densit\u00e0 di costruito e deserti urbani compresi fra quelle, disegnano grandi vignette territoriali: \u201c<em>lo<\/em><em> <\/em><em>spazio<\/em><em> <\/em><em>metropolitano<\/em><em> <\/em><em>\u00e8<\/em><em> <\/em><em>dunque,<\/em><em> <\/em><em>alternanza<\/em><em> <\/em><em>di<\/em><em> <\/em><em>zone<\/em><em> <\/em><em>di<\/em><em> <\/em><em>congestione<\/em><em> <\/em><em>e<\/em><em> <\/em><em>frazioni di<\/em><em> <\/em><em>deserto,<\/em><em> <\/em><em>\u00e8<\/em><em> <\/em><em>territorio<\/em><em> <\/em><em>controllato<\/em><em> <\/em><em>che<\/em><em> <\/em><em>combina<\/em><em> <\/em><em>aree<\/em><em> <\/em><em>sotto<\/em><em> <\/em><em>stretta<\/em><em> <\/em><em>sorveglianza,<\/em><em> <\/em><em>porzioni<\/em><em> <\/em><em>di<\/em><em> <\/em><em>ambiti<\/em><em> <\/em><em>\u2018protetti\u2019<\/em><em> <\/em><em>e<\/em><em> <\/em><em>sostanzialmente<\/em><em> <\/em><em>deterritorializzati,<\/em><em> <\/em><em>a<\/em><em> <\/em><em>superf<\/em><em>i<\/em><em>ci<\/em><em> <\/em><em>ed<\/em><em> <\/em><em>architetture<\/em><em> <\/em><em>che<\/em><em> <\/em><em>sfuggono<\/em><em> <\/em><em>temporaneamente<\/em><em> <\/em><em>ad<\/em><em> <\/em><em>operazioni<\/em><em> <\/em><em>di<\/em><em> <\/em><em>dominio<\/em><em> <\/em><em>e<\/em><em> <\/em><em>vigilanza<\/em><em> <\/em><em>capillare<\/em>\u201d (Francesca Iovino, <em>Residenze<\/em><em> <\/em><em>Istantanee<\/em>, Chieti, 2005).<\/p>\n\n\n\n<p class=\"eplus-Io8xCX wp-block-paragraph\">Nella citt\u00e0 di carta giapponese anche i manga si sviluppano da una forma orizzontale, quella degli <em>emakimono<\/em>, i rulli disegnati, dove come in \u201c<em>un<\/em><em> <\/em><em>giardino<\/em><em> <\/em><em>kaiyushiki<\/em><em> <\/em><em>gli<\/em><em> <\/em><em>elementi<\/em><em> <\/em><em>sono<\/em><em> <\/em><em>collocati<\/em><em> <\/em><em>non<\/em><em> <\/em><em>per<\/em><em> <\/em><em>essere<\/em><em> <\/em><em>apprezzati<\/em><em> <\/em><em>in<\/em><em> <\/em><em>una<\/em><em> <\/em><em>visione<\/em><em> <\/em><em>globale<\/em><em> <\/em><em>ma<\/em><em> <\/em><em>per<\/em><em> <\/em><em>rivelarsi<\/em><em> <\/em><em>progressivamente <\/em><em>in<\/em><em> <\/em><em>un<\/em><em> percorso <\/em><em>che<\/em><em> <\/em><em>si<\/em><em> <\/em><em>svolge<\/em><em> <\/em><em>nel<\/em><em> <\/em><em>tempo<\/em>\u201d (Teruyuki Monnai, <em>Un<\/em><em> <\/em><em>glossario<\/em><em> <\/em><em>di<\/em><em> <\/em><em>concetti<\/em><em> <\/em><em>spaziali,<\/em><em> <\/em><em>Casabella<\/em><em> <\/em>n\u00b0608-609, 1994). \u00c9 la forma di scrittura e.g. di Oji Suzuki, autore di una serie di racconti ellittici di percorsi nello spazio e nella memoria (<em>A<\/em><em> <\/em><em>single<\/em><em> <\/em><em>match<\/em>, Montr\u00e9al, 2010; <em>Bleu<\/em><em> <\/em><em>transparent<\/em>, Paris 2006), pubblicati negli anni settanta da <em>Garo<\/em>, la rivista seminale che ha formato tutte le avanguardie della narrazione a fumetti giapponese.<\/p>\n\n\n\n<p class=\"eplus-8i0V8S wp-block-paragraph\">L&#8217;attraversamento del percorso, i sentieri che si biforcano della storia come le derive nei tessuti delle citt\u00e0, non scorrono esclusivamente in maniera sequenziale o per attraversamenti direzionati funzionalmente: la <em>Sequential<\/em><em> <\/em><em>Art<\/em><em> <\/em>di Will Eisner \u00e8 solo una delle forme di passaggio tra i legami iconici del testo fumetto. A proposito di un libro mitico recentemente riedito, <em>The<\/em><em> <\/em><em>cage<\/em><em> <\/em>di Martin Vaughn-James (Toronto, 1975) Enrique Bordes, nel suo<\/p>\n\n\n\n<p class=\"eplus-bHZvOC wp-block-paragraph\">monumentale e pluridimensionale excursus cui rimandiamo (<em>Comic,<\/em><em> <\/em><em>arquitectura<\/em><em> <\/em><em>narrativa, <\/em>Madrid, 2017), descrive <em>\u201cuna<\/em><em> <\/em><em>esplorazione<\/em><em> <\/em><em>in<\/em><em> <\/em><em>visione<\/em><em> <\/em><em>soggettiva,<\/em><em> <\/em><em>costruita<\/em><em> <\/em><em>attraverso<\/em><em> <\/em><em>una<\/em><em> <\/em><em>concatenazione<\/em><em> <\/em><em>di<\/em><em> <\/em><em>spazi<\/em><em> <\/em><em>surreali.<\/em><em> <\/em><em>Il<\/em><em> percorso,<\/em><em> <\/em><em>che,<\/em><em> <\/em><em>apparentemente,<\/em><em> <\/em><em>\u00e8<\/em><em> <\/em><em>anarchico,<\/em><em> <\/em><em>risulta<\/em><em> <\/em><em>essere<\/em><em> <\/em><em>basato<\/em><em> <\/em><em>su<\/em><em> <\/em><em>uno<\/em><em> <\/em><em>schema<\/em><em> <\/em><em>di<\/em><em> <\/em><em>labirinto<\/em><em> <\/em><em>classico,<\/em><em> <\/em><em>spirale<\/em><em> <\/em><em>e<\/em><em> <\/em><em>centripeto.<\/em><em> <\/em><em>Lo<\/em><em> <\/em><em>stesso<\/em><em> <\/em><em>autore<\/em><em> <\/em><em>[\u2026]<\/em><em> <\/em><em>a<\/em><em>f<\/em><em>ferma<\/em><em> <\/em><em>a<\/em><em> <\/em><em>lettere<\/em><em> <\/em><em>maiuscole<\/em><em> <\/em><em>[\u2026]:<\/em><em> <\/em><em>IL<\/em><em> <\/em><em>PIANO<\/em><em> <\/em><em>DEL LIBRO<\/em><em> <\/em><em>\u00c8<\/em><em> <\/em><em>UN<\/em><em> <\/em><em>LABIRINTO<\/em><em> <\/em><em>(PLAN<\/em><em> <\/em><em>OF<\/em><em> <\/em><em>BOOK IS<\/em><em> <\/em><em>A<\/em><em> MAZE).<\/em><\/p>\n\n\n\n<p class=\"eplus-4jRLdB wp-block-paragraph\"><em>Questo<\/em><em> <\/em><em>labirinto<\/em><em> <\/em><em>non <\/em><em>era<\/em><em> <\/em><em>premeditato,<\/em><em> <\/em><em>[\u2026]<\/em><em> <\/em><em>e<\/em><em> <\/em><em>la<\/em><em> <\/em><em>struttura non<\/em><em> <\/em><em>si<\/em><em> <\/em><em>va ad<\/em><em> <\/em><em>evidenziare<\/em><em> <\/em><em>mai<\/em><em> <\/em><em>chiaramente<\/em><em> <\/em><em>nell&#8217;opera<\/em><em> <\/em><em>[&#8230;]<\/em><em> <\/em><em>ma<\/em><em> <\/em><em>il<\/em><em> <\/em><em>labirinto<\/em><em> <\/em><em>concentrico<\/em><em> <\/em><em>conduce<\/em><em> <\/em><em>allo<\/em><em> <\/em><em>spazio<\/em><em> <\/em><em>della<\/em><em> <\/em><em>gabbia\u201d<\/em>. Questo libro di confine fra il nuovo romanzo di Robbe-Grillet e la scrittura a fumetto \u00e8 anche un anello forte di congiunzione con le sperimentazioni di narrazione architettonica che si conducevano. A partire dagli esperimenti di deturnamento situazionista (Internationale Situationniste n\u00b02, 1958) il sistema fumetto approda rapidamente alla narrazione dei progetti di architettura con <em>Amazing<\/em><em> <\/em><em>Archigram\/Zoom<\/em><em> <\/em>(<em>Archigram<\/em><em> <\/em>n\u00b04, 1964) e si estende nelle avanguardie dei progettisti radicali che stanno sperimentando in molte direzioni. Nel 1969 abbiamo <em>Provolution<\/em><em> <\/em>del bio-architetto Rudolph Doernach e contemporaneamente, in Italia, Superstudio affronta il clash dei linguaggi e.g. con lo studio <em>Monumento<\/em><em> <\/em><em>continuo\/storyboard<\/em><em> <\/em><em>per<\/em><em> <\/em><em>un<\/em><em> <\/em><em>flm<\/em><em> <\/em>del 1969 (pubblicato su <em>Casabella<\/em><em> <\/em>n\u00b0358, 1971), edificio\/monumento che costruisce un labirinto fuoriscala in grado di connettere e attraversare i poli delle apparizioni architettoniche e metropolitane, una radicale rilettura della spirale del <em>Museo<\/em><em> <\/em><em>a<\/em><em> crescita<\/em><em> <\/em><em>illimitata <\/em>(1939) di Le Corbusier. \u00c8 in questo labirinto che giace il paradosso insolubile dell&#8217;identit\u00e0 di queste forme di progettazione iconica, il fumetto e l&#8217;architettura, inseparabili e continuamente riconducibili, un labirinto dinamico e centripeto che genera ancora forme ed elaborazioni del processo di scrittura.<\/p>\n\n\n\n<p class=\"eplus-jedESF wp-block-paragraph\">Ancora due libri, entrambi pubblicati negli ultimi mesi, lasciano correre l&#8217;occhio dentro le citt\u00e0 di carta che raccontano storie: <em>Soft<\/em><em> <\/em><em>City<\/em><em> <\/em>di Harinton Pushwagner (New York, 2016), disegnato fra il<\/p>\n\n\n\n<p class=\"eplus-hybDw4 wp-block-paragraph\">1969 e il 1975 e recentemente ritrovato, e <em>Vivre <\/em><em>\u00e0<\/em><em> <\/em><em>Frandisco <\/em>di Thierry Van Hasselt e Marcel Schmitz (Bruxelles, 2016). Entrambi attraversano questo dedalo svolgendo diametralmente agli opposti il proprio percorso.<\/p>\n\n\n\n<p class=\"eplus-vAFW7l wp-block-paragraph\">Il primo, disegnato come un anello, instancabile percorre una citt\u00e0 soffice come la <em>machine<\/em><em> <\/em>di William Burroughs, controllo totale sui corpi anestetizzati dei suoi abitanti e le forme sociali di ripetizione continua, di ritornello urbano, di produzione di produzione. \u00c8 un tracciato che ha a che fare con le esperienze psichedeliche condivise da Pushwagner con Axel Jensen, che visualizza un tessuto urbano dove anche le parole sono edifici sociali e non espressioni umane e individuali. La lingua \u00e8 frammentata e iconica ma non capace di formulare connessioni, lo spazio urbano \u00e8 indefinitamente replicato, smisurato e indifferente, ogni resistenza e dissenso annullati.<\/p>\n\n\n\n<p class=\"eplus-PLKJrL wp-block-paragraph\">Il secondo opera bruta, nel senso nobile del termine, attraversa, con la visionariet\u00e0 di un Winsor McCay deviante e reinterpretato, il sogno di un artista down: costruire e dare vita ad una citt\u00e0 celeste di grattacieli cattedrali e fumi di cartone e scotch, San Frandisco. Il lavoro, come gli altri workshop de la \u201cS\u201d Grand Atelier, mette in relazione due autori che da due magnifiche ossessioni differenti costruiscono un unico scenario silenzioso di storie. Thierry, ridisegna senza sosta tutto quello che Marcel, che \u00e8 realmente down, instancabilmente produce dal vero, tridimensionalmente, e i segni dei due e i racconti che si scambiano, si mescolano tra le pagine del libro. Personaggi e torri che appartengono ad un mondo alla Bosch, brut e anarchico ma sempre coerente. Reale o sognata la citt\u00e0 di carta di Marcel continua a crescere ad estendersi in una magnifica, liberatoria, emancipatrice, labirintica spirale.<\/p>\n","protected":false},"excerpt":{"rendered":"<p>Il teorema del grattacielo di Valerio Bindi Testo rilasciato in CREATIVE COMMONS [BY SA] e liberamente scaricabile. Ogni donazione all\u2019associazione La Bagarre con cui organizzo molteplici attivit\u00e0 \u00e8&hellip;<\/p>\n","protected":false},"author":4,"featured_media":0,"parent":0,"menu_order":0,"comment_status":"closed","ping_status":"closed","template":"","meta":{"_acf_changed":false,"_crdt_document":"","footnotes":""},"class_list":["post-788","page","type-page","status-publish","has-post-thumbnail","hentry"],"acf":[],"featured_image_src":"","featured_image_src_square":false,"rbea_author_info":{"display_name":"sciatto","author_link":"https:\/\/fortepressa.net\/valerio-bindi\/author\/sciatto\/"},"rbea_excerpt_info":"Il teorema del grattacielo di Valerio Bindi Testo rilasciato in CREATIVE COMMONS [BY SA] e liberamente scaricabile. Ogni donazione all\u2019associazione La Bagarre con cui organizzo molteplici attivit\u00e0 \u00e8&hellip;","_links":{"self":[{"href":"https:\/\/fortepressa.net\/valerio-bindi\/wp-json\/wp\/v2\/pages\/788","targetHints":{"allow":["GET"]}}],"collection":[{"href":"https:\/\/fortepressa.net\/valerio-bindi\/wp-json\/wp\/v2\/pages"}],"about":[{"href":"https:\/\/fortepressa.net\/valerio-bindi\/wp-json\/wp\/v2\/types\/page"}],"author":[{"embeddable":true,"href":"https:\/\/fortepressa.net\/valerio-bindi\/wp-json\/wp\/v2\/users\/4"}],"replies":[{"embeddable":true,"href":"https:\/\/fortepressa.net\/valerio-bindi\/wp-json\/wp\/v2\/comments?post=788"}],"version-history":[{"count":7,"href":"https:\/\/fortepressa.net\/valerio-bindi\/wp-json\/wp\/v2\/pages\/788\/revisions"}],"predecessor-version":[{"id":1137,"href":"https:\/\/fortepressa.net\/valerio-bindi\/wp-json\/wp\/v2\/pages\/788\/revisions\/1137"}],"wp:attachment":[{"href":"https:\/\/fortepressa.net\/valerio-bindi\/wp-json\/wp\/v2\/media?parent=788"}],"curies":[{"name":"wp","href":"https:\/\/api.w.org\/{rel}","templated":true}]}}